{"id":18627,"date":"2022-01-12T09:04:57","date_gmt":"2022-01-12T09:04:57","guid":{"rendered":"https:\/\/almaempalavras.com.br\/?page_id=18627"},"modified":"2022-02-14T14:06:52","modified_gmt":"2022-02-14T14:06:52","slug":"newsletter-popup","status":"publish","type":"page","link":"https:\/\/almaempalavras.com.br\/?page_id=18627","title":{"rendered":"Newsletter Popup"},"content":{"rendered":"\t\t<div data-elementor-type=\"wp-page\" data-elementor-id=\"18627\" class=\"elementor elementor-18627\">\n\t\t\t\t\t\t<section class=\"elementor-section elementor-top-section elementor-element elementor-element-3961b8e8 scheme_default elementor-section-boxed elementor-section-height-default elementor-section-height-default sc_fly_static\" data-id=\"3961b8e8\" data-element_type=\"section\" data-e-type=\"section\" data-settings=\"{&quot;background_background&quot;:&quot;classic&quot;}\">\n\t\t\t\t\t\t<div class=\"elementor-container elementor-column-gap-extended\">\n\t\t\t\t\t<div class=\"elementor-column elementor-col-100 elementor-top-column elementor-element elementor-element-52687a7 sc_content_align_inherit sc_layouts_column_icons_position_left sc_fly_static\" data-id=\"52687a7\" data-element_type=\"column\" data-e-type=\"column\">\n\t\t\t<div class=\"elementor-widget-wrap elementor-element-populated\">\n\t\t\t\t\t\t<div class=\"elementor-element elementor-element-171c09ba sc_height_huge sc_fly_static elementor-widget elementor-widget-spacer\" data-id=\"171c09ba\" data-element_type=\"widget\" data-e-type=\"widget\" data-widget_type=\"spacer.default\">\n\t\t\t\t<div class=\"elementor-widget-container\">\n\t\t\t\t\t\t\t<div class=\"elementor-spacer\">\n\t\t\t<div class=\"elementor-spacer-inner\"><\/div>\n\t\t<\/div>\n\t\t\t\t\t\t<\/div>\n\t\t\t\t<\/div>\n\t\t\t\t<div class=\"elementor-element elementor-element-107034f2 sc_fly_static elementor-widget elementor-widget-trx_sc_title\" data-id=\"107034f2\" data-element_type=\"widget\" data-e-type=\"widget\" data-widget_type=\"trx_sc_title.default\">\n\t\t\t\t<div class=\"elementor-widget-container\">\n\t\t\t\t\t<div\t\tclass=\"sc_title sc_title_default\" ><h1 class=\"sc_item_title sc_title_title sc_align_center sc_item_title_style_default sc_item_title_tag\"\n\t\t\t><span class=\"sc_item_title_text\">Default<\/span><\/h1><\/div>\t\t\t\t<\/div>\n\t\t\t\t<\/div>\n\t\t\t\t<div class=\"elementor-element elementor-element-7beb9fff sc_height_small sc_fly_static elementor-widget elementor-widget-spacer\" data-id=\"7beb9fff\" data-element_type=\"widget\" data-e-type=\"widget\" data-widget_type=\"spacer.default\">\n\t\t\t\t<div class=\"elementor-widget-container\">\n\t\t\t\t\t\t\t<div class=\"elementor-spacer\">\n\t\t\t<div class=\"elementor-spacer-inner\"><\/div>\n\t\t<\/div>\n\t\t\t\t\t\t<\/div>\n\t\t\t\t<\/div>\n\t\t\t\t<div class=\"elementor-element elementor-element-1f8b2247 sc_fly_static elementor-widget elementor-widget-trx_sc_button\" data-id=\"1f8b2247\" data-element_type=\"widget\" data-e-type=\"widget\" data-widget_type=\"trx_sc_button.default\">\n\t\t\t\t<div class=\"elementor-widget-container\">\n\t\t\t\t\t<div\tclass=\"sc_item_button sc_button_wrap sc_align_center\" ><a href=\"#\" id=\"manual-launch-1\" class=\"sc_button sc_button_default sc_button_size_normal sc_button_icon_left\" ><span class=\"sc_button_text\"><span class=\"sc_button_title\">Open Demo<\/span><\/span><\/a><\/div>\t\t\t\t<\/div>\n\t\t\t\t<\/div>\n\t\t\t\t<div class=\"elementor-element elementor-element-480c2907 sc_height_huge sc_fly_static elementor-widget elementor-widget-spacer\" data-id=\"480c2907\" data-element_type=\"widget\" data-e-type=\"widget\" data-widget_type=\"spacer.default\">\n\t\t\t\t<div class=\"elementor-widget-container\">\n\t\t\t\t\t\t\t<div class=\"elementor-spacer\">\n\t\t\t<div class=\"elementor-spacer-inner\"><\/div>\n\t\t<\/div>\n\t\t\t\t\t\t<\/div>\n\t\t\t\t<\/div>\n\t\t\t\t\t<\/div>\n\t\t<\/div>\n\t\t\t\t\t<\/div>\n\t\t<\/section>\n\t\t\t\t<section class=\"elementor-section elementor-top-section elementor-element elementor-element-4c3e568a elementor-section-boxed elementor-section-height-default elementor-section-height-default sc_fly_static\" data-id=\"4c3e568a\" data-element_type=\"section\" data-e-type=\"section\">\n\t\t\t\t\t\t<div class=\"elementor-container elementor-column-gap-extended\">\n\t\t\t\t\t<div class=\"elementor-column elementor-col-100 elementor-top-column elementor-element elementor-element-19348f36 sc_content_align_inherit sc_layouts_column_icons_position_left sc_fly_static\" data-id=\"19348f36\" data-element_type=\"column\" data-e-type=\"column\">\n\t\t\t<div class=\"elementor-widget-wrap elementor-element-populated\">\n\t\t\t\t\t\t<div class=\"elementor-element elementor-element-5ea28bcf sc_height_huge sc_fly_static elementor-widget elementor-widget-spacer\" data-id=\"5ea28bcf\" data-element_type=\"widget\" data-e-type=\"widget\" data-widget_type=\"spacer.default\">\n\t\t\t\t<div class=\"elementor-widget-container\">\n\t\t\t\t\t\t\t<div class=\"elementor-spacer\">\n\t\t\t<div class=\"elementor-spacer-inner\"><\/div>\n\t\t<\/div>\n\t\t\t\t\t\t<\/div>\n\t\t\t\t<\/div>\n\t\t\t\t<div class=\"elementor-element elementor-element-4fa3dfa1 sc_fly_static elementor-widget elementor-widget-trx_sc_title\" data-id=\"4fa3dfa1\" data-element_type=\"widget\" data-e-type=\"widget\" data-widget_type=\"trx_sc_title.default\">\n\t\t\t\t<div class=\"elementor-widget-container\">\n\t\t\t\t\t<div\t\tclass=\"sc_title sc_title_default\" ><h1 class=\"sc_item_title sc_title_title sc_align_center sc_item_title_style_default sc_item_title_tag\"\n\t\t\t><span class=\"sc_item_title_text\">Newsletter Box<\/span><\/h1><\/div>\t\t\t\t<\/div>\n\t\t\t\t<\/div>\n\t\t\t\t<div class=\"elementor-element elementor-element-3dec3951 sc_height_small sc_fly_static elementor-widget elementor-widget-spacer\" data-id=\"3dec3951\" data-element_type=\"widget\" data-e-type=\"widget\" data-widget_type=\"spacer.default\">\n\t\t\t\t<div class=\"elementor-widget-container\">\n\t\t\t\t\t\t\t<div class=\"elementor-spacer\">\n\t\t\t<div class=\"elementor-spacer-inner\"><\/div>\n\t\t<\/div>\n\t\t\t\t\t\t<\/div>\n\t\t\t\t<\/div>\n\t\t\t\t<div class=\"elementor-element elementor-element-e9eae0f sc_fly_static elementor-widget elementor-widget-trx_sc_button\" data-id=\"e9eae0f\" data-element_type=\"widget\" data-e-type=\"widget\" data-widget_type=\"trx_sc_button.default\">\n\t\t\t\t<div class=\"elementor-widget-container\">\n\t\t\t\t\t<div\tclass=\"sc_item_button sc_button_wrap sc_align_center\" ><a href=\"#\" id=\"manual-launch-2\" class=\"sc_button sc_button_default sc_button_size_normal sc_button_icon_left\" ><span class=\"sc_button_text\"><span class=\"sc_button_title\">Open Demo<\/span><\/span><\/a><\/div>\t\t\t\t<\/div>\n\t\t\t\t<\/div>\n\t\t\t\t<div class=\"elementor-element elementor-element-ad8d93c sc_height_huge sc_fly_static elementor-widget elementor-widget-spacer\" data-id=\"ad8d93c\" data-element_type=\"widget\" data-e-type=\"widget\" data-widget_type=\"spacer.default\">\n\t\t\t\t<div class=\"elementor-widget-container\">\n\t\t\t\t\t\t\t<div class=\"elementor-spacer\">\n\t\t\t<div class=\"elementor-spacer-inner\"><\/div>\n\t\t<\/div>\n\t\t\t\t\t\t<\/div>\n\t\t\t\t<\/div>\n\t\t\t\t\t<\/div>\n\t\t<\/div>\n\t\t\t\t\t<\/div>\n\t\t<\/section>\n\t\t\t\t<\/div>\n\t\t","protected":false},"excerpt":{"rendered":"<p>Default Open Demo Newsletter Box Open Demo<\/p>\n","protected":false},"author":1,"featured_media":0,"parent":0,"menu_order":0,"comment_status":"closed","ping_status":"closed","template":"","meta":{"footnotes":""},"class_list":["post-18627","page","type-page","status-publish","hentry"],"yoast_head":"<!-- This site is optimized with the Yoast SEO plugin v27.6 - https:\/\/yoast.com\/product\/yoast-seo-wordpress\/ -->\n<title>Newsletter Popup - Uma Alma em Palavras<\/title>\n<meta name=\"robots\" content=\"index, follow, max-snippet:-1, max-image-preview:large, max-video-preview:-1\" \/>\n<link rel=\"canonical\" href=\"https:\/\/almaempalavras.com.br\/?page_id=18627\" \/>\n<meta property=\"og:locale\" content=\"pt_BR\" \/>\n<meta property=\"og:type\" content=\"article\" \/>\n<meta property=\"og:title\" content=\"Newsletter Popup - Uma Alma em Palavras\" \/>\n<meta property=\"og:description\" content=\"Default Open Demo Newsletter Box Open Demo\" \/>\n<meta property=\"og:url\" content=\"https:\/\/almaempalavras.com.br\/?page_id=18627\" \/>\n<meta property=\"og:site_name\" content=\"Uma Alma em Palavras\" \/>\n<meta property=\"article:publisher\" content=\"https:\/\/www.facebook.com\/wallison.moura\/\" \/>\n<meta property=\"article:modified_time\" content=\"2022-02-14T14:06:52+00:00\" \/>\n<meta name=\"twitter:card\" content=\"summary_large_image\" \/>\n<script type=\"application\/ld+json\" class=\"yoast-schema-graph\">{\"@context\":\"https:\\\/\\\/schema.org\",\"@graph\":[{\"@type\":\"WebPage\",\"@id\":\"https:\\\/\\\/almaempalavras.com.br\\\/?page_id=18627\",\"url\":\"https:\\\/\\\/almaempalavras.com.br\\\/?page_id=18627\",\"name\":\"Newsletter Popup - Uma Alma em Palavras\",\"isPartOf\":{\"@id\":\"https:\\\/\\\/almaempalavras.com.br\\\/#website\"},\"datePublished\":\"2022-01-12T09:04:57+00:00\",\"dateModified\":\"2022-02-14T14:06:52+00:00\",\"breadcrumb\":{\"@id\":\"https:\\\/\\\/almaempalavras.com.br\\\/?page_id=18627#breadcrumb\"},\"inLanguage\":\"pt-BR\",\"potentialAction\":[{\"@type\":\"ReadAction\",\"target\":[\"https:\\\/\\\/almaempalavras.com.br\\\/?page_id=18627\"]}]},{\"@type\":\"BreadcrumbList\",\"@id\":\"https:\\\/\\\/almaempalavras.com.br\\\/?page_id=18627#breadcrumb\",\"itemListElement\":[{\"@type\":\"ListItem\",\"position\":1,\"name\":\"In\u00edcio\",\"item\":\"https:\\\/\\\/almaempalavras.com.br\\\/\"},{\"@type\":\"ListItem\",\"position\":2,\"name\":\"Newsletter Popup\"}]},{\"@type\":\"WebSite\",\"@id\":\"https:\\\/\\\/almaempalavras.com.br\\\/#website\",\"url\":\"https:\\\/\\\/almaempalavras.com.br\\\/\",\"name\":\"Uma Alma em Palavras\",\"description\":\"Um espa\u00e7o simples e \u00edntimo, onde compartilho minhas reflex\u00f5es sobre a vida, o trabalho, a educa\u00e7\u00e3o, a fam\u00edlia e tudo o que toca o cora\u00e7\u00e3o. Escritos sem pretens\u00e3o, apenas a tentativa de traduzir em palavras aquilo que a alma sente..\",\"publisher\":{\"@id\":\"https:\\\/\\\/almaempalavras.com.br\\\/#\\\/schema\\\/person\\\/8ac5d86257a23c047f97973400e199ff\"},\"potentialAction\":[{\"@type\":\"SearchAction\",\"target\":{\"@type\":\"EntryPoint\",\"urlTemplate\":\"https:\\\/\\\/almaempalavras.com.br\\\/?s={search_term_string}\"},\"query-input\":{\"@type\":\"PropertyValueSpecification\",\"valueRequired\":true,\"valueName\":\"search_term_string\"}}],\"inLanguage\":\"pt-BR\"},{\"@type\":[\"Person\",\"Organization\"],\"@id\":\"https:\\\/\\\/almaempalavras.com.br\\\/#\\\/schema\\\/person\\\/8ac5d86257a23c047f97973400e199ff\",\"name\":\"Wallison Moura\",\"image\":{\"@type\":\"ImageObject\",\"inLanguage\":\"pt-BR\",\"@id\":\"https:\\\/\\\/almaempalavras.com.br\\\/wp-content\\\/uploads\\\/2025\\\/10\\\/uma_alma_em_palavras_logo_nova_horizontal-1.png\",\"url\":\"https:\\\/\\\/almaempalavras.com.br\\\/wp-content\\\/uploads\\\/2025\\\/10\\\/uma_alma_em_palavras_logo_nova_horizontal-1.png\",\"contentUrl\":\"https:\\\/\\\/almaempalavras.com.br\\\/wp-content\\\/uploads\\\/2025\\\/10\\\/uma_alma_em_palavras_logo_nova_horizontal-1.png\",\"width\":1412,\"height\":706,\"caption\":\"Wallison Moura\"},\"logo\":{\"@id\":\"https:\\\/\\\/almaempalavras.com.br\\\/wp-content\\\/uploads\\\/2025\\\/10\\\/uma_alma_em_palavras_logo_nova_horizontal-1.png\"},\"sameAs\":[\"http:\\\/\\\/almaempalavras.com.br\",\"https:\\\/\\\/www.facebook.com\\\/wallison.moura\\\/\",\"https:\\\/\\\/www.instagram.com\\\/w.allisonmoura\\\/\",\"https:\\\/\\\/www.linkedin.com\\\/in\\\/wallisonmoura\\\/\"]}]}<\/script>\n<!-- \/ Yoast SEO plugin. -->","yoast_head_json":{"title":"Newsletter Popup - Uma Alma em Palavras","robots":{"index":"index","follow":"follow","max-snippet":"max-snippet:-1","max-image-preview":"max-image-preview:large","max-video-preview":"max-video-preview:-1"},"canonical":"https:\/\/almaempalavras.com.br\/?page_id=18627","og_locale":"pt_BR","og_type":"article","og_title":"Newsletter Popup - Uma Alma em Palavras","og_description":"Default Open Demo Newsletter Box Open Demo","og_url":"https:\/\/almaempalavras.com.br\/?page_id=18627","og_site_name":"Uma Alma em Palavras","article_publisher":"https:\/\/www.facebook.com\/wallison.moura\/","article_modified_time":"2022-02-14T14:06:52+00:00","twitter_card":"summary_large_image","schema":{"@context":"https:\/\/schema.org","@graph":[{"@type":"WebPage","@id":"https:\/\/almaempalavras.com.br\/?page_id=18627","url":"https:\/\/almaempalavras.com.br\/?page_id=18627","name":"Newsletter Popup - Uma Alma em Palavras","isPartOf":{"@id":"https:\/\/almaempalavras.com.br\/#website"},"datePublished":"2022-01-12T09:04:57+00:00","dateModified":"2022-02-14T14:06:52+00:00","breadcrumb":{"@id":"https:\/\/almaempalavras.com.br\/?page_id=18627#breadcrumb"},"inLanguage":"pt-BR","potentialAction":[{"@type":"ReadAction","target":["https:\/\/almaempalavras.com.br\/?page_id=18627"]}]},{"@type":"BreadcrumbList","@id":"https:\/\/almaempalavras.com.br\/?page_id=18627#breadcrumb","itemListElement":[{"@type":"ListItem","position":1,"name":"In\u00edcio","item":"https:\/\/almaempalavras.com.br\/"},{"@type":"ListItem","position":2,"name":"Newsletter Popup"}]},{"@type":"WebSite","@id":"https:\/\/almaempalavras.com.br\/#website","url":"https:\/\/almaempalavras.com.br\/","name":"Uma Alma em Palavras","description":"Um espa\u00e7o simples e \u00edntimo, onde compartilho minhas reflex\u00f5es sobre a vida, o trabalho, a educa\u00e7\u00e3o, a fam\u00edlia e tudo o que toca o cora\u00e7\u00e3o. Escritos sem pretens\u00e3o, apenas a tentativa de traduzir em palavras aquilo que a alma sente..","publisher":{"@id":"https:\/\/almaempalavras.com.br\/#\/schema\/person\/8ac5d86257a23c047f97973400e199ff"},"potentialAction":[{"@type":"SearchAction","target":{"@type":"EntryPoint","urlTemplate":"https:\/\/almaempalavras.com.br\/?s={search_term_string}"},"query-input":{"@type":"PropertyValueSpecification","valueRequired":true,"valueName":"search_term_string"}}],"inLanguage":"pt-BR"},{"@type":["Person","Organization"],"@id":"https:\/\/almaempalavras.com.br\/#\/schema\/person\/8ac5d86257a23c047f97973400e199ff","name":"Wallison Moura","image":{"@type":"ImageObject","inLanguage":"pt-BR","@id":"https:\/\/almaempalavras.com.br\/wp-content\/uploads\/2025\/10\/uma_alma_em_palavras_logo_nova_horizontal-1.png","url":"https:\/\/almaempalavras.com.br\/wp-content\/uploads\/2025\/10\/uma_alma_em_palavras_logo_nova_horizontal-1.png","contentUrl":"https:\/\/almaempalavras.com.br\/wp-content\/uploads\/2025\/10\/uma_alma_em_palavras_logo_nova_horizontal-1.png","width":1412,"height":706,"caption":"Wallison Moura"},"logo":{"@id":"https:\/\/almaempalavras.com.br\/wp-content\/uploads\/2025\/10\/uma_alma_em_palavras_logo_nova_horizontal-1.png"},"sameAs":["http:\/\/almaempalavras.com.br","https:\/\/www.facebook.com\/wallison.moura\/","https:\/\/www.instagram.com\/w.allisonmoura\/","https:\/\/www.linkedin.com\/in\/wallisonmoura\/"]}]}},"jetpack_sharing_enabled":true,"_links":{"self":[{"href":"https:\/\/almaempalavras.com.br\/index.php?rest_route=\/wp\/v2\/pages\/18627","targetHints":{"allow":["GET"]}}],"collection":[{"href":"https:\/\/almaempalavras.com.br\/index.php?rest_route=\/wp\/v2\/pages"}],"about":[{"href":"https:\/\/almaempalavras.com.br\/index.php?rest_route=\/wp\/v2\/types\/page"}],"author":[{"embeddable":true,"href":"https:\/\/almaempalavras.com.br\/index.php?rest_route=\/wp\/v2\/users\/1"}],"replies":[{"embeddable":true,"href":"https:\/\/almaempalavras.com.br\/index.php?rest_route=%2Fwp%2Fv2%2Fcomments&post=18627"}],"version-history":[{"count":0,"href":"https:\/\/almaempalavras.com.br\/index.php?rest_route=\/wp\/v2\/pages\/18627\/revisions"}],"wp:attachment":[{"href":"https:\/\/almaempalavras.com.br\/index.php?rest_route=%2Fwp%2Fv2%2Fmedia&parent=18627"}],"curies":[{"name":"wp","href":"https:\/\/api.w.org\/{rel}","templated":true}]}}