{"id":19234,"date":"2022-01-17T13:55:19","date_gmt":"2022-01-17T13:55:19","guid":{"rendered":"https:\/\/almaempalavras.com.br\/?page_id=19234"},"modified":"2022-02-15T12:19:19","modified_gmt":"2022-02-15T12:19:19","slug":"service-plus","status":"publish","type":"page","link":"https:\/\/almaempalavras.com.br\/?page_id=19234","title":{"rendered":"Service Plus"},"content":{"rendered":"\t\t<div data-elementor-type=\"wp-page\" data-elementor-id=\"19234\" class=\"elementor elementor-19234\">\n\t\t\t\t\t\t<section class=\"elementor-section elementor-top-section elementor-element elementor-element-170812e elementor-section-boxed elementor-section-height-default elementor-section-height-default sc_fly_static\" data-id=\"170812e\" data-element_type=\"section\" data-e-type=\"section\">\n\t\t\t\t\t\t<div class=\"elementor-container elementor-column-gap-extended\">\n\t\t\t\t\t<div class=\"elementor-column elementor-col-100 elementor-top-column elementor-element elementor-element-1e65ec73 sc_content_align_inherit sc_layouts_column_icons_position_left sc_fly_static\" data-id=\"1e65ec73\" data-element_type=\"column\" data-e-type=\"column\">\n\t\t\t<div class=\"elementor-widget-wrap elementor-element-populated\">\n\t\t\t\t\t\t<div class=\"elementor-element elementor-element-41f43bde sc_fly_static elementor-widget elementor-widget-trx_sc_title\" data-id=\"41f43bde\" data-element_type=\"widget\" data-e-type=\"widget\" data-widget_type=\"trx_sc_title.default\">\n\t\t\t\t<div class=\"elementor-widget-container\">\n\t\t\t\t\t<div\t\tclass=\"sc_title sc_title_default\" ><h2 class=\"sc_item_title sc_title_title sc_item_title_style_default sc_item_title_tag\"\n\t\t\t><span class=\"sc_item_title_text\">Dear Customers,<\/span><\/h2><\/div>\t\t\t\t<\/div>\n\t\t\t\t<\/div>\n\t\t\t\t<div class=\"elementor-element elementor-element-75a21353 sc_fly_static elementor-widget elementor-widget-spacer\" data-id=\"75a21353\" data-element_type=\"widget\" data-e-type=\"widget\" data-widget_type=\"spacer.default\">\n\t\t\t\t<div class=\"elementor-widget-container\">\n\t\t\t\t\t\t\t<div class=\"elementor-spacer\">\n\t\t\t<div class=\"elementor-spacer-inner\"><\/div>\n\t\t<\/div>\n\t\t\t\t\t\t<\/div>\n\t\t\t\t<\/div>\n\t\t\t\t<div class=\"elementor-element elementor-element-589157eb sc_fly_static elementor-widget elementor-widget-text-editor\" data-id=\"589157eb\" data-element_type=\"widget\" data-e-type=\"widget\" data-widget_type=\"text-editor.default\">\n\t\t\t\t<div class=\"elementor-widget-container\">\n\t\t\t\t\t\t\t\t\t<p>Our primary goal is developing a secure and customizable theme framework that meets the needs of the end user. Therefore, our customers are able to create websites based on our templates with very little effort! This process requires minimum knowledge of WordPress or coding; and extensive documentation as well as our Support Team are always at your service. However, we ask you to keep in mind that sometimes issues occur that are not caused by template malfunction. There might be situations when neither the product itself nor our framework are at fault. Among other things, theme performance can be affected by server settings, additional functionality that requires deep file customization, external plugin usage and, of course, attempts to build a website in a very short time.<\/p><p>We know the ins and outs of our theme framework and have a highly professional team of developers. They will help you to develop the website you need. If you need website customization, please contact our support team for further information: <a href=\"https:\/\/themerex.net\/support\/\">https:\/\/themerex.net\/support\/<\/a>. <\/p>\t\t\t\t\t\t\t\t<\/div>\n\t\t\t\t<\/div>\n\t\t\t\t\t<\/div>\n\t\t<\/div>\n\t\t\t\t\t<\/div>\n\t\t<\/section>\n\t\t\t\t<section class=\"elementor-section elementor-top-section elementor-element elementor-element-3bf74327 elementor-section-boxed elementor-section-height-default elementor-section-height-default sc_fly_static\" data-id=\"3bf74327\" data-element_type=\"section\" data-e-type=\"section\">\n\t\t\t\t\t\t<div class=\"elementor-container elementor-column-gap-extended\">\n\t\t\t\t\t<div class=\"elementor-column elementor-col-100 elementor-top-column elementor-element elementor-element-2184d1fa sc_content_align_inherit sc_layouts_column_icons_position_left sc_fly_static\" data-id=\"2184d1fa\" data-element_type=\"column\" data-e-type=\"column\">\n\t\t\t<div class=\"elementor-widget-wrap elementor-element-populated\">\n\t\t\t\t\t\t<div class=\"elementor-element elementor-element-6e8559d8 sc_height_medium sc_fly_static elementor-widget elementor-widget-spacer\" data-id=\"6e8559d8\" data-element_type=\"widget\" data-e-type=\"widget\" data-widget_type=\"spacer.default\">\n\t\t\t\t<div class=\"elementor-widget-container\">\n\t\t\t\t\t\t\t<div class=\"elementor-spacer\">\n\t\t\t<div class=\"elementor-spacer-inner\"><\/div>\n\t\t<\/div>\n\t\t\t\t\t\t<\/div>\n\t\t\t\t<\/div>\n\t\t\t\t<div class=\"elementor-element elementor-element-1d8e9fed elementor-widget-divider--view-line sc_fly_static elementor-widget elementor-widget-divider\" data-id=\"1d8e9fed\" data-element_type=\"widget\" data-e-type=\"widget\" data-widget_type=\"divider.default\">\n\t\t\t\t<div class=\"elementor-widget-container\">\n\t\t\t\t\t\t\t<div class=\"elementor-divider\">\n\t\t\t<span class=\"elementor-divider-separator\">\n\t\t\t\t\t\t<\/span>\n\t\t<\/div>\n\t\t\t\t\t\t<\/div>\n\t\t\t\t<\/div>\n\t\t\t\t<div class=\"elementor-element elementor-element-61c804cc sc_height_medium sc_fly_static elementor-widget elementor-widget-spacer\" data-id=\"61c804cc\" data-element_type=\"widget\" data-e-type=\"widget\" data-widget_type=\"spacer.default\">\n\t\t\t\t<div class=\"elementor-widget-container\">\n\t\t\t\t\t\t\t<div class=\"elementor-spacer\">\n\t\t\t<div class=\"elementor-spacer-inner\"><\/div>\n\t\t<\/div>\n\t\t\t\t\t\t<\/div>\n\t\t\t\t<\/div>\n\t\t\t\t\t<\/div>\n\t\t<\/div>\n\t\t\t\t\t<\/div>\n\t\t<\/section>\n\t\t\t\t<section class=\"elementor-section elementor-top-section elementor-element elementor-element-2e80112b elementor-section-boxed elementor-section-height-default elementor-section-height-default sc_fly_static\" data-id=\"2e80112b\" data-element_type=\"section\" data-e-type=\"section\">\n\t\t\t\t\t\t<div class=\"elementor-container elementor-column-gap-extended\">\n\t\t\t\t\t<div class=\"elementor-column elementor-col-100 elementor-top-column elementor-element elementor-element-4036bb8b sc_content_align_inherit sc_layouts_column_icons_position_left sc_fly_static\" data-id=\"4036bb8b\" data-element_type=\"column\" data-e-type=\"column\">\n\t\t\t<div class=\"elementor-widget-wrap elementor-element-populated\">\n\t\t\t\t\t\t<div class=\"elementor-element elementor-element-7f284d61 sc_fly_static elementor-widget elementor-widget-trx_sc_title\" data-id=\"7f284d61\" data-element_type=\"widget\" data-e-type=\"widget\" data-widget_type=\"trx_sc_title.default\">\n\t\t\t\t<div class=\"elementor-widget-container\">\n\t\t\t\t\t<div\t\tclass=\"sc_title sc_title_default\" ><span class=\"sc_item_subtitle sc_title_subtitle sc_align_center sc_item_subtitle_above sc_item_title_style_default\">Customization<\/span><h1 class=\"sc_item_title sc_title_title sc_align_center sc_item_title_style_default sc_item_title_tag\"\n\t\t\t><span class=\"sc_item_title_text\">Packages<\/span><\/h1><\/div>\t\t\t\t<\/div>\n\t\t\t\t<\/div>\n\t\t\t\t\t<\/div>\n\t\t<\/div>\n\t\t\t\t\t<\/div>\n\t\t<\/section>\n\t\t\t\t<section class=\"elementor-section elementor-top-section elementor-element elementor-element-56faf2ca elementor-section-boxed elementor-section-height-default elementor-section-height-default sc_fly_static\" data-id=\"56faf2ca\" data-element_type=\"section\" data-e-type=\"section\">\n\t\t\t\t\t\t<div class=\"elementor-container elementor-column-gap-extended\">\n\t\t\t\t\t<div class=\"elementor-column elementor-col-100 elementor-top-column elementor-element elementor-element-44295180 sc_content_align_inherit sc_layouts_column_icons_position_left sc_fly_static\" data-id=\"44295180\" data-element_type=\"column\" data-e-type=\"column\">\n\t\t\t<div class=\"elementor-widget-wrap elementor-element-populated\">\n\t\t\t\t\t\t<div class=\"elementor-element elementor-element-5b2a7a5e sc_height_small sc_fly_static elementor-widget elementor-widget-spacer\" data-id=\"5b2a7a5e\" data-element_type=\"widget\" data-e-type=\"widget\" data-widget_type=\"spacer.default\">\n\t\t\t\t<div class=\"elementor-widget-container\">\n\t\t\t\t\t\t\t<div class=\"elementor-spacer\">\n\t\t\t<div class=\"elementor-spacer-inner\"><\/div>\n\t\t<\/div>\n\t\t\t\t\t\t<\/div>\n\t\t\t\t<\/div>\n\t\t\t\t\t<\/div>\n\t\t<\/div>\n\t\t\t\t\t<\/div>\n\t\t<\/section>\n\t\t\t\t<section class=\"elementor-section elementor-top-section elementor-element elementor-element-16570baa elementor-section-boxed elementor-section-height-default elementor-section-height-default sc_fly_static\" data-id=\"16570baa\" data-element_type=\"section\" data-e-type=\"section\">\n\t\t\t\t\t\t<div class=\"elementor-container elementor-column-gap-extended\">\n\t\t\t\t\t<div class=\"elementor-column elementor-col-100 elementor-top-column elementor-element elementor-element-62aca280 sc_content_align_inherit sc_layouts_column_icons_position_left sc_fly_static\" data-id=\"62aca280\" data-element_type=\"column\" data-e-type=\"column\">\n\t\t\t<div class=\"elementor-widget-wrap elementor-element-populated\">\n\t\t\t\t\t\t<div class=\"elementor-element elementor-element-5d4ebc62 sc_fly_static elementor-widget elementor-widget-trx_sc_price\" data-id=\"5d4ebc62\" data-element_type=\"widget\" data-e-type=\"widget\" data-widget_type=\"trx_sc_price.default\">\n\t\t\t\t<div class=\"elementor-widget-container\">\n\t\t\t\t\t<div  \n\tclass=\"sc_price color_style_link2 sc_price_default\"><div class=\"sc_price_columns_wrap sc_item_columns trx_addons_columns_wrap columns_padding_bottom columns_in_single_row\"><div class=\"trx_addons_column-1_3\"><div class=\"sc_price_item sc_price_item_default\">\n\t\t\t<div class=\"sc_price_item_info\"><h3 class=\"sc_price_item_title\"><span>Installation + logo change<\/span><\/h3><h6 class=\"sc_price_item_subtitle\"><span>regular<\/span><\/h6><div class=\"sc_price_item_price\"><span class=\"sc_price_item_price_before\">$<\/span><span class=\"sc_price_item_price_value\">39<\/span><\/div><div class=\"sc_price_item_details\"><ul class=\"trx_addons_list trx_addons_list_dot\" style=\"text-align: left;\">\n \t<li>The template will be installed on your server exactly as the demo looks like. You will get access to the admin panel, so you can manage your website<\/li>\n \t<li>We will replace the template\u2019s logo with yours on each page of the template. The logo has to be  in good quality in .PSD, .EPS, .PNG, .JPG format. Logo width should be 300px and 600px<\/li>\n<\/ul><\/div><a href=\"https:\/\/themerex.net\/downloads\/theme-installation\/?utm_source=demosplus&#038;utm_medium=demosplus&#038;utm_campaign=demosplus\" class=\"sc_price_item_link sc_button\" target=\"_blank\">Order Now<\/a><\/div><!-- \/.sc_price_item_info --><\/div><\/div><div class=\"trx_addons_column-1_3\"><div class=\"sc_price_item sc_price_item_default\">\n\t\t\t<div class=\"sc_price_item_info\"><h3 class=\"sc_price_item_title\"><span>WP plugins installation<\/span><\/h3><h6 class=\"sc_price_item_subtitle\"><span>silver<\/span><\/h6><div class=\"sc_price_item_price\"><span class=\"sc_price_item_price_before\">$<\/span><span class=\"sc_price_item_price_value\">350<\/span><\/div><div class=\"sc_price_item_details\"><ul class=\"trx_addons_list trx_addons_list_dot\" style=\"text-align: left;\"><li class=\"icon-check-1\" aria-level=\"1\">Theme installation on your server with your logo<\/li><li class=\"icon icon-check-1\" aria-level=\"1\">Google map with your address set<\/li><li class=\"icon icon-check-1\" aria-level=\"1\">Content and images replacement up to 6 pages (without layout change)<\/li><li class=\"icon icon-check-1\" aria-level=\"1\">Removing elements that you do not need on your website<\/li><li class=\"icon icon-check-1\" aria-level=\"1\">Social icons set (without changing theme layout)<\/li><li class=\"icon icon-check-1\" aria-level=\"1\">Color scheme replacement<\/li><\/ul><\/div><a href=\"https:\/\/themerex.net\/downloads\/ready-use-website\/?utm_source=demosplus&#038;utm_medium=demosplus&#038;utm_campaign=demosplus\" class=\"sc_price_item_link sc_button\" target=\"_blank\">Order Now<\/a><\/div><!-- \/.sc_price_item_info --><\/div><\/div><div class=\"trx_addons_column-1_3\"><div class=\"sc_price_item sc_price_item_default\">\n\t\t\t<div class=\"sc_price_item_info\"><h3 class=\"sc_price_item_title\"><span>Ready-to-use website<\/span><\/h3><h6 class=\"sc_price_item_subtitle\"><span>gold<\/span><\/h6><div class=\"sc_price_item_price\"><span class=\"sc_price_item_price_before\">$<\/span><span class=\"sc_price_item_price_value\">699<\/span><\/div><div class=\"sc_price_item_details\"><ul class=\"trx_addons_list trx_addons_list_dot\" style=\"text-align: left;\"><li class=\"icon icon-check-1\" aria-level=\"1\">WordPress and theme installation<\/li><li class=\"icon icon-check-1\" aria-level=\"1\">Customization of website branding<\/li><li class=\"icon icon-check-1\" aria-level=\"1\">Content Development (15 royalty-free images and 1500 words of text)<\/li><li class=\"icon icon-check-1\" aria-level=\"1\">Content setup (adding 6 pages, 6 posts, Revolution sliders)<\/li><li class=\"icon icon-check-1\" aria-level=\"1\">SEO Essentials<\/li><li class=\"icon icon-check-1\" aria-level=\"1\">Website speed optimization<\/li><\/ul><\/div><a href=\"https:\/\/themerex.net\/downloads\/full-website-package\/?utm_source=demosplus&#038;utm_medium=demosplus&#038;utm_campaign=demosplus\" class=\"sc_price_item_link sc_button\" target=\"_blank\">Order Now<\/a><\/div><!-- \/.sc_price_item_info --><\/div><\/div><\/div><\/div><!-- \/.sc_price -->\t\t\t\t<\/div>\n\t\t\t\t<\/div>\n\t\t\t\t\t<\/div>\n\t\t<\/div>\n\t\t\t\t\t<\/div>\n\t\t<\/section>\n\t\t\t\t<\/div>\n\t\t","protected":false},"excerpt":{"rendered":"<p>Dear Customers, Our primary goal is developing a secure and customizable theme framework that meets the needs of the end user. Therefore, our customers are able to create websites based&hellip;<\/p>\n","protected":false},"author":1,"featured_media":0,"parent":0,"menu_order":0,"comment_status":"closed","ping_status":"closed","template":"","meta":{"footnotes":""},"class_list":["post-19234","page","type-page","status-publish","hentry"],"yoast_head":"<!-- This site is optimized with the Yoast SEO plugin v27.6 - https:\/\/yoast.com\/product\/yoast-seo-wordpress\/ -->\n<title>Service Plus - Uma Alma em Palavras<\/title>\n<meta name=\"robots\" content=\"index, follow, max-snippet:-1, max-image-preview:large, max-video-preview:-1\" \/>\n<link rel=\"canonical\" href=\"https:\/\/almaempalavras.com.br\/?page_id=19234\" \/>\n<meta property=\"og:locale\" content=\"pt_BR\" \/>\n<meta property=\"og:type\" content=\"article\" \/>\n<meta property=\"og:title\" content=\"Service Plus - Uma Alma em Palavras\" \/>\n<meta property=\"og:description\" content=\"Dear Customers, Our primary goal is developing a secure and customizable theme framework that meets the needs of the end user. Therefore, our customers are able to create websites based&hellip;\" \/>\n<meta property=\"og:url\" content=\"https:\/\/almaempalavras.com.br\/?page_id=19234\" \/>\n<meta property=\"og:site_name\" content=\"Uma Alma em Palavras\" \/>\n<meta property=\"article:publisher\" content=\"https:\/\/www.facebook.com\/wallison.moura\/\" \/>\n<meta property=\"article:modified_time\" content=\"2022-02-15T12:19:19+00:00\" \/>\n<meta name=\"twitter:card\" content=\"summary_large_image\" \/>\n<meta name=\"twitter:label1\" content=\"Est. tempo de leitura\" \/>\n\t<meta name=\"twitter:data1\" content=\"2 minutos\" \/>\n<script type=\"application\/ld+json\" class=\"yoast-schema-graph\">{\"@context\":\"https:\\\/\\\/schema.org\",\"@graph\":[{\"@type\":\"WebPage\",\"@id\":\"https:\\\/\\\/almaempalavras.com.br\\\/?page_id=19234\",\"url\":\"https:\\\/\\\/almaempalavras.com.br\\\/?page_id=19234\",\"name\":\"Service Plus - Uma Alma em Palavras\",\"isPartOf\":{\"@id\":\"https:\\\/\\\/almaempalavras.com.br\\\/#website\"},\"datePublished\":\"2022-01-17T13:55:19+00:00\",\"dateModified\":\"2022-02-15T12:19:19+00:00\",\"breadcrumb\":{\"@id\":\"https:\\\/\\\/almaempalavras.com.br\\\/?page_id=19234#breadcrumb\"},\"inLanguage\":\"pt-BR\",\"potentialAction\":[{\"@type\":\"ReadAction\",\"target\":[\"https:\\\/\\\/almaempalavras.com.br\\\/?page_id=19234\"]}]},{\"@type\":\"BreadcrumbList\",\"@id\":\"https:\\\/\\\/almaempalavras.com.br\\\/?page_id=19234#breadcrumb\",\"itemListElement\":[{\"@type\":\"ListItem\",\"position\":1,\"name\":\"In\u00edcio\",\"item\":\"https:\\\/\\\/almaempalavras.com.br\\\/\"},{\"@type\":\"ListItem\",\"position\":2,\"name\":\"Service Plus\"}]},{\"@type\":\"WebSite\",\"@id\":\"https:\\\/\\\/almaempalavras.com.br\\\/#website\",\"url\":\"https:\\\/\\\/almaempalavras.com.br\\\/\",\"name\":\"Uma Alma em Palavras\",\"description\":\"Um espa\u00e7o simples e \u00edntimo, onde compartilho minhas reflex\u00f5es sobre a vida, o trabalho, a educa\u00e7\u00e3o, a fam\u00edlia e tudo o que toca o cora\u00e7\u00e3o. Escritos sem pretens\u00e3o, apenas a tentativa de traduzir em palavras aquilo que a alma sente..\",\"publisher\":{\"@id\":\"https:\\\/\\\/almaempalavras.com.br\\\/#\\\/schema\\\/person\\\/8ac5d86257a23c047f97973400e199ff\"},\"potentialAction\":[{\"@type\":\"SearchAction\",\"target\":{\"@type\":\"EntryPoint\",\"urlTemplate\":\"https:\\\/\\\/almaempalavras.com.br\\\/?s={search_term_string}\"},\"query-input\":{\"@type\":\"PropertyValueSpecification\",\"valueRequired\":true,\"valueName\":\"search_term_string\"}}],\"inLanguage\":\"pt-BR\"},{\"@type\":[\"Person\",\"Organization\"],\"@id\":\"https:\\\/\\\/almaempalavras.com.br\\\/#\\\/schema\\\/person\\\/8ac5d86257a23c047f97973400e199ff\",\"name\":\"Wallison Moura\",\"image\":{\"@type\":\"ImageObject\",\"inLanguage\":\"pt-BR\",\"@id\":\"https:\\\/\\\/almaempalavras.com.br\\\/wp-content\\\/uploads\\\/2025\\\/10\\\/uma_alma_em_palavras_logo_nova_horizontal-1.png\",\"url\":\"https:\\\/\\\/almaempalavras.com.br\\\/wp-content\\\/uploads\\\/2025\\\/10\\\/uma_alma_em_palavras_logo_nova_horizontal-1.png\",\"contentUrl\":\"https:\\\/\\\/almaempalavras.com.br\\\/wp-content\\\/uploads\\\/2025\\\/10\\\/uma_alma_em_palavras_logo_nova_horizontal-1.png\",\"width\":1412,\"height\":706,\"caption\":\"Wallison Moura\"},\"logo\":{\"@id\":\"https:\\\/\\\/almaempalavras.com.br\\\/wp-content\\\/uploads\\\/2025\\\/10\\\/uma_alma_em_palavras_logo_nova_horizontal-1.png\"},\"sameAs\":[\"http:\\\/\\\/almaempalavras.com.br\",\"https:\\\/\\\/www.facebook.com\\\/wallison.moura\\\/\",\"https:\\\/\\\/www.instagram.com\\\/w.allisonmoura\\\/\",\"https:\\\/\\\/www.linkedin.com\\\/in\\\/wallisonmoura\\\/\"]}]}<\/script>\n<!-- \/ Yoast SEO plugin. -->","yoast_head_json":{"title":"Service Plus - Uma Alma em Palavras","robots":{"index":"index","follow":"follow","max-snippet":"max-snippet:-1","max-image-preview":"max-image-preview:large","max-video-preview":"max-video-preview:-1"},"canonical":"https:\/\/almaempalavras.com.br\/?page_id=19234","og_locale":"pt_BR","og_type":"article","og_title":"Service Plus - Uma Alma em Palavras","og_description":"Dear Customers, Our primary goal is developing a secure and customizable theme framework that meets the needs of the end user. Therefore, our customers are able to create websites based&hellip;","og_url":"https:\/\/almaempalavras.com.br\/?page_id=19234","og_site_name":"Uma Alma em Palavras","article_publisher":"https:\/\/www.facebook.com\/wallison.moura\/","article_modified_time":"2022-02-15T12:19:19+00:00","twitter_card":"summary_large_image","twitter_misc":{"Est. tempo de leitura":"2 minutos"},"schema":{"@context":"https:\/\/schema.org","@graph":[{"@type":"WebPage","@id":"https:\/\/almaempalavras.com.br\/?page_id=19234","url":"https:\/\/almaempalavras.com.br\/?page_id=19234","name":"Service Plus - Uma Alma em Palavras","isPartOf":{"@id":"https:\/\/almaempalavras.com.br\/#website"},"datePublished":"2022-01-17T13:55:19+00:00","dateModified":"2022-02-15T12:19:19+00:00","breadcrumb":{"@id":"https:\/\/almaempalavras.com.br\/?page_id=19234#breadcrumb"},"inLanguage":"pt-BR","potentialAction":[{"@type":"ReadAction","target":["https:\/\/almaempalavras.com.br\/?page_id=19234"]}]},{"@type":"BreadcrumbList","@id":"https:\/\/almaempalavras.com.br\/?page_id=19234#breadcrumb","itemListElement":[{"@type":"ListItem","position":1,"name":"In\u00edcio","item":"https:\/\/almaempalavras.com.br\/"},{"@type":"ListItem","position":2,"name":"Service Plus"}]},{"@type":"WebSite","@id":"https:\/\/almaempalavras.com.br\/#website","url":"https:\/\/almaempalavras.com.br\/","name":"Uma Alma em Palavras","description":"Um espa\u00e7o simples e \u00edntimo, onde compartilho minhas reflex\u00f5es sobre a vida, o trabalho, a educa\u00e7\u00e3o, a fam\u00edlia e tudo o que toca o cora\u00e7\u00e3o. Escritos sem pretens\u00e3o, apenas a tentativa de traduzir em palavras aquilo que a alma sente..","publisher":{"@id":"https:\/\/almaempalavras.com.br\/#\/schema\/person\/8ac5d86257a23c047f97973400e199ff"},"potentialAction":[{"@type":"SearchAction","target":{"@type":"EntryPoint","urlTemplate":"https:\/\/almaempalavras.com.br\/?s={search_term_string}"},"query-input":{"@type":"PropertyValueSpecification","valueRequired":true,"valueName":"search_term_string"}}],"inLanguage":"pt-BR"},{"@type":["Person","Organization"],"@id":"https:\/\/almaempalavras.com.br\/#\/schema\/person\/8ac5d86257a23c047f97973400e199ff","name":"Wallison Moura","image":{"@type":"ImageObject","inLanguage":"pt-BR","@id":"https:\/\/almaempalavras.com.br\/wp-content\/uploads\/2025\/10\/uma_alma_em_palavras_logo_nova_horizontal-1.png","url":"https:\/\/almaempalavras.com.br\/wp-content\/uploads\/2025\/10\/uma_alma_em_palavras_logo_nova_horizontal-1.png","contentUrl":"https:\/\/almaempalavras.com.br\/wp-content\/uploads\/2025\/10\/uma_alma_em_palavras_logo_nova_horizontal-1.png","width":1412,"height":706,"caption":"Wallison Moura"},"logo":{"@id":"https:\/\/almaempalavras.com.br\/wp-content\/uploads\/2025\/10\/uma_alma_em_palavras_logo_nova_horizontal-1.png"},"sameAs":["http:\/\/almaempalavras.com.br","https:\/\/www.facebook.com\/wallison.moura\/","https:\/\/www.instagram.com\/w.allisonmoura\/","https:\/\/www.linkedin.com\/in\/wallisonmoura\/"]}]}},"jetpack_sharing_enabled":true,"_links":{"self":[{"href":"https:\/\/almaempalavras.com.br\/index.php?rest_route=\/wp\/v2\/pages\/19234","targetHints":{"allow":["GET"]}}],"collection":[{"href":"https:\/\/almaempalavras.com.br\/index.php?rest_route=\/wp\/v2\/pages"}],"about":[{"href":"https:\/\/almaempalavras.com.br\/index.php?rest_route=\/wp\/v2\/types\/page"}],"author":[{"embeddable":true,"href":"https:\/\/almaempalavras.com.br\/index.php?rest_route=\/wp\/v2\/users\/1"}],"replies":[{"embeddable":true,"href":"https:\/\/almaempalavras.com.br\/index.php?rest_route=%2Fwp%2Fv2%2Fcomments&post=19234"}],"version-history":[{"count":0,"href":"https:\/\/almaempalavras.com.br\/index.php?rest_route=\/wp\/v2\/pages\/19234\/revisions"}],"wp:attachment":[{"href":"https:\/\/almaempalavras.com.br\/index.php?rest_route=%2Fwp%2Fv2%2Fmedia&parent=19234"}],"curies":[{"name":"wp","href":"https:\/\/api.w.org\/{rel}","templated":true}]}}