{"id":6130,"date":"2020-06-18T05:05:13","date_gmt":"2020-06-18T05:05:13","guid":{"rendered":"https:\/\/almaempalavras.com.br\/?page_id=6130"},"modified":"2020-06-22T13:43:50","modified_gmt":"2020-06-22T13:43:50","slug":"wishlist-page","status":"publish","type":"page","link":"https:\/\/almaempalavras.com.br\/?page_id=6130","title":{"rendered":"Wishlist Page"},"content":{"rendered":"<p>[ti_wishlistsview]<\/p>\n","protected":false},"excerpt":{"rendered":"<p>[ti_wishlistsview]<\/p>\n","protected":false},"author":1,"featured_media":0,"parent":0,"menu_order":0,"comment_status":"closed","ping_status":"closed","template":"","meta":{"footnotes":""},"class_list":["post-6130","page","type-page","status-publish","hentry"],"yoast_head":"<!-- This site is optimized with the Yoast SEO plugin v27.6 - https:\/\/yoast.com\/product\/yoast-seo-wordpress\/ -->\n<title>Wishlist Page - Uma Alma em Palavras<\/title>\n<meta name=\"robots\" content=\"index, follow, max-snippet:-1, max-image-preview:large, max-video-preview:-1\" \/>\n<link rel=\"canonical\" href=\"https:\/\/almaempalavras.com.br\/?page_id=6130\" \/>\n<meta property=\"og:locale\" content=\"pt_BR\" \/>\n<meta property=\"og:type\" content=\"article\" \/>\n<meta property=\"og:title\" content=\"Wishlist Page - Uma Alma em Palavras\" \/>\n<meta property=\"og:description\" content=\"[ti_wishlistsview]\" \/>\n<meta property=\"og:url\" content=\"https:\/\/almaempalavras.com.br\/?page_id=6130\" \/>\n<meta property=\"og:site_name\" content=\"Uma Alma em Palavras\" \/>\n<meta property=\"article:publisher\" content=\"https:\/\/www.facebook.com\/wallison.moura\/\" \/>\n<meta property=\"article:modified_time\" content=\"2020-06-22T13:43:50+00:00\" \/>\n<meta name=\"twitter:card\" content=\"summary_large_image\" \/>\n<script type=\"application\/ld+json\" class=\"yoast-schema-graph\">{\"@context\":\"https:\\\/\\\/schema.org\",\"@graph\":[{\"@type\":\"WebPage\",\"@id\":\"https:\\\/\\\/almaempalavras.com.br\\\/?page_id=6130\",\"url\":\"https:\\\/\\\/almaempalavras.com.br\\\/?page_id=6130\",\"name\":\"Wishlist Page - Uma Alma em Palavras\",\"isPartOf\":{\"@id\":\"https:\\\/\\\/almaempalavras.com.br\\\/#website\"},\"datePublished\":\"2020-06-18T05:05:13+00:00\",\"dateModified\":\"2020-06-22T13:43:50+00:00\",\"breadcrumb\":{\"@id\":\"https:\\\/\\\/almaempalavras.com.br\\\/?page_id=6130#breadcrumb\"},\"inLanguage\":\"pt-BR\",\"potentialAction\":[{\"@type\":\"ReadAction\",\"target\":[\"https:\\\/\\\/almaempalavras.com.br\\\/?page_id=6130\"]}]},{\"@type\":\"BreadcrumbList\",\"@id\":\"https:\\\/\\\/almaempalavras.com.br\\\/?page_id=6130#breadcrumb\",\"itemListElement\":[{\"@type\":\"ListItem\",\"position\":1,\"name\":\"In\u00edcio\",\"item\":\"https:\\\/\\\/almaempalavras.com.br\\\/\"},{\"@type\":\"ListItem\",\"position\":2,\"name\":\"Wishlist Page\"}]},{\"@type\":\"WebSite\",\"@id\":\"https:\\\/\\\/almaempalavras.com.br\\\/#website\",\"url\":\"https:\\\/\\\/almaempalavras.com.br\\\/\",\"name\":\"Uma Alma em Palavras\",\"description\":\"Um espa\u00e7o simples e \u00edntimo, onde compartilho minhas reflex\u00f5es sobre a vida, o trabalho, a educa\u00e7\u00e3o, a fam\u00edlia e tudo o que toca o cora\u00e7\u00e3o. Escritos sem pretens\u00e3o, apenas a tentativa de traduzir em palavras aquilo que a alma sente..\",\"publisher\":{\"@id\":\"https:\\\/\\\/almaempalavras.com.br\\\/#\\\/schema\\\/person\\\/8ac5d86257a23c047f97973400e199ff\"},\"potentialAction\":[{\"@type\":\"SearchAction\",\"target\":{\"@type\":\"EntryPoint\",\"urlTemplate\":\"https:\\\/\\\/almaempalavras.com.br\\\/?s={search_term_string}\"},\"query-input\":{\"@type\":\"PropertyValueSpecification\",\"valueRequired\":true,\"valueName\":\"search_term_string\"}}],\"inLanguage\":\"pt-BR\"},{\"@type\":[\"Person\",\"Organization\"],\"@id\":\"https:\\\/\\\/almaempalavras.com.br\\\/#\\\/schema\\\/person\\\/8ac5d86257a23c047f97973400e199ff\",\"name\":\"Wallison Moura\",\"image\":{\"@type\":\"ImageObject\",\"inLanguage\":\"pt-BR\",\"@id\":\"https:\\\/\\\/almaempalavras.com.br\\\/wp-content\\\/uploads\\\/2025\\\/10\\\/uma_alma_em_palavras_logo_nova_horizontal-1.png\",\"url\":\"https:\\\/\\\/almaempalavras.com.br\\\/wp-content\\\/uploads\\\/2025\\\/10\\\/uma_alma_em_palavras_logo_nova_horizontal-1.png\",\"contentUrl\":\"https:\\\/\\\/almaempalavras.com.br\\\/wp-content\\\/uploads\\\/2025\\\/10\\\/uma_alma_em_palavras_logo_nova_horizontal-1.png\",\"width\":1412,\"height\":706,\"caption\":\"Wallison Moura\"},\"logo\":{\"@id\":\"https:\\\/\\\/almaempalavras.com.br\\\/wp-content\\\/uploads\\\/2025\\\/10\\\/uma_alma_em_palavras_logo_nova_horizontal-1.png\"},\"sameAs\":[\"http:\\\/\\\/almaempalavras.com.br\",\"https:\\\/\\\/www.facebook.com\\\/wallison.moura\\\/\",\"https:\\\/\\\/www.instagram.com\\\/w.allisonmoura\\\/\",\"https:\\\/\\\/www.linkedin.com\\\/in\\\/wallisonmoura\\\/\"]}]}<\/script>\n<!-- \/ Yoast SEO plugin. -->","yoast_head_json":{"title":"Wishlist Page - Uma Alma em Palavras","robots":{"index":"index","follow":"follow","max-snippet":"max-snippet:-1","max-image-preview":"max-image-preview:large","max-video-preview":"max-video-preview:-1"},"canonical":"https:\/\/almaempalavras.com.br\/?page_id=6130","og_locale":"pt_BR","og_type":"article","og_title":"Wishlist Page - Uma Alma em Palavras","og_description":"[ti_wishlistsview]","og_url":"https:\/\/almaempalavras.com.br\/?page_id=6130","og_site_name":"Uma Alma em Palavras","article_publisher":"https:\/\/www.facebook.com\/wallison.moura\/","article_modified_time":"2020-06-22T13:43:50+00:00","twitter_card":"summary_large_image","schema":{"@context":"https:\/\/schema.org","@graph":[{"@type":"WebPage","@id":"https:\/\/almaempalavras.com.br\/?page_id=6130","url":"https:\/\/almaempalavras.com.br\/?page_id=6130","name":"Wishlist Page - Uma Alma em Palavras","isPartOf":{"@id":"https:\/\/almaempalavras.com.br\/#website"},"datePublished":"2020-06-18T05:05:13+00:00","dateModified":"2020-06-22T13:43:50+00:00","breadcrumb":{"@id":"https:\/\/almaempalavras.com.br\/?page_id=6130#breadcrumb"},"inLanguage":"pt-BR","potentialAction":[{"@type":"ReadAction","target":["https:\/\/almaempalavras.com.br\/?page_id=6130"]}]},{"@type":"BreadcrumbList","@id":"https:\/\/almaempalavras.com.br\/?page_id=6130#breadcrumb","itemListElement":[{"@type":"ListItem","position":1,"name":"In\u00edcio","item":"https:\/\/almaempalavras.com.br\/"},{"@type":"ListItem","position":2,"name":"Wishlist Page"}]},{"@type":"WebSite","@id":"https:\/\/almaempalavras.com.br\/#website","url":"https:\/\/almaempalavras.com.br\/","name":"Uma Alma em Palavras","description":"Um espa\u00e7o simples e \u00edntimo, onde compartilho minhas reflex\u00f5es sobre a vida, o trabalho, a educa\u00e7\u00e3o, a fam\u00edlia e tudo o que toca o cora\u00e7\u00e3o. Escritos sem pretens\u00e3o, apenas a tentativa de traduzir em palavras aquilo que a alma sente..","publisher":{"@id":"https:\/\/almaempalavras.com.br\/#\/schema\/person\/8ac5d86257a23c047f97973400e199ff"},"potentialAction":[{"@type":"SearchAction","target":{"@type":"EntryPoint","urlTemplate":"https:\/\/almaempalavras.com.br\/?s={search_term_string}"},"query-input":{"@type":"PropertyValueSpecification","valueRequired":true,"valueName":"search_term_string"}}],"inLanguage":"pt-BR"},{"@type":["Person","Organization"],"@id":"https:\/\/almaempalavras.com.br\/#\/schema\/person\/8ac5d86257a23c047f97973400e199ff","name":"Wallison Moura","image":{"@type":"ImageObject","inLanguage":"pt-BR","@id":"https:\/\/almaempalavras.com.br\/wp-content\/uploads\/2025\/10\/uma_alma_em_palavras_logo_nova_horizontal-1.png","url":"https:\/\/almaempalavras.com.br\/wp-content\/uploads\/2025\/10\/uma_alma_em_palavras_logo_nova_horizontal-1.png","contentUrl":"https:\/\/almaempalavras.com.br\/wp-content\/uploads\/2025\/10\/uma_alma_em_palavras_logo_nova_horizontal-1.png","width":1412,"height":706,"caption":"Wallison Moura"},"logo":{"@id":"https:\/\/almaempalavras.com.br\/wp-content\/uploads\/2025\/10\/uma_alma_em_palavras_logo_nova_horizontal-1.png"},"sameAs":["http:\/\/almaempalavras.com.br","https:\/\/www.facebook.com\/wallison.moura\/","https:\/\/www.instagram.com\/w.allisonmoura\/","https:\/\/www.linkedin.com\/in\/wallisonmoura\/"]}]}},"jetpack_sharing_enabled":true,"_links":{"self":[{"href":"https:\/\/almaempalavras.com.br\/index.php?rest_route=\/wp\/v2\/pages\/6130","targetHints":{"allow":["GET"]}}],"collection":[{"href":"https:\/\/almaempalavras.com.br\/index.php?rest_route=\/wp\/v2\/pages"}],"about":[{"href":"https:\/\/almaempalavras.com.br\/index.php?rest_route=\/wp\/v2\/types\/page"}],"author":[{"embeddable":true,"href":"https:\/\/almaempalavras.com.br\/index.php?rest_route=\/wp\/v2\/users\/1"}],"replies":[{"embeddable":true,"href":"https:\/\/almaempalavras.com.br\/index.php?rest_route=%2Fwp%2Fv2%2Fcomments&post=6130"}],"version-history":[{"count":0,"href":"https:\/\/almaempalavras.com.br\/index.php?rest_route=\/wp\/v2\/pages\/6130\/revisions"}],"wp:attachment":[{"href":"https:\/\/almaempalavras.com.br\/index.php?rest_route=%2Fwp%2Fv2%2Fmedia&parent=6130"}],"curies":[{"name":"wp","href":"https:\/\/api.w.org\/{rel}","templated":true}]}}